{"id":8830,"date":"2024-02-27T21:36:46","date_gmt":"2024-02-27T21:36:46","guid":{"rendered":"https:\/\/fixtureplus.ca\/product\/serie-stylus\/"},"modified":"2024-03-10T10:08:42","modified_gmt":"2024-03-10T10:08:42","slug":"serie-stylus","status":"publish","type":"product","link":"https:\/\/fixtureplus.ca\/fr\/product\/serie-stylus\/","title":{"rendered":"S\u00e9rie Stylus\u2122"},"content":{"rendered":"<div class=\"specification tab-item tab-on\"><\/div>\n<div class=\"key-series-features tab-item\">\n<h3>CARACT\u00c9RISTIQUES CL\u00c9S DE LA S\u00c9RIE<\/h3>\n<div class=\"clearfix text-formatted field field--name-field-product-series-features field--type-text-long field--label-hidden field__item\">\n<ul>\n<li>Jusqu&rsquo;\u00e0 5 000 BTU et 1 500 watts<\/li>\n<li>Combinaison d&rsquo;un ensemble de b\u00fbches de bouleau et de supports en cristal<\/li>\n<li>Cadre en bois de conception contemporaine de 59 po de large<\/li>\n<li>2 entr\u00e9es USB 2.0 avec indication couleur de l&rsquo;\u00e9tat de charge<\/li>\n<li>Lampe d&rsquo;\u00e9tag\u00e8re d&rsquo;appoint avec r\u00e9glages de couleur et de luminosit\u00e9<\/li>\n<li>Il suffit de l&rsquo;accrocher et de le brancher 120 V<\/li>\n<li>Quatre r\u00e9glages de couleur de flamme avec options de r\u00e9glage de la luminosit\u00e9<\/li>\n<li>Lit de braises en 6 r\u00e9glages de couleurs, y compris cycle, fondu entrant et sortant<\/li>\n<li>9 r\u00e9glages de minuterie diff\u00e9rents de 30 minutes \u00e0 8 heures<\/li>\n<li>Utilisation toutes saisons : les flammes fonctionnent avec ou sans chaleur<\/li>\n<li>D\u00e9sactiver la fonction de chauffage comme fonction de s\u00e9curit\u00e9 enfant<\/li>\n<li>Panneau de commande tactile et t\u00e9l\u00e9commande multifonction standard<\/li>\n<li>Contr\u00f4le thermostatique<\/li>\n<\/ul>\n<div class=\"specification tab-item tab-on\">\n<h3>SP\u00c9CIFICATION<\/h3>\n<div class=\"fuel-type\">\n<p>Type de carburant : \u00c9lectrique<\/p>\n<\/div>\n<\/div>\n<\/div>\n<\/div>\n","protected":false},"excerpt":{"rendered":"<p>CARACT\u00c9RISTIQUES CL\u00c9S DE LA S\u00c9RIE Jusqu&rsquo;\u00e0 5 000 BTU et 1 500 watts Combinaison d&rsquo;un ensemble de b\u00fbches de bouleau et de supports en cristal Cadre en bois de conception contemporaine de 59 po de large 2 entr\u00e9es USB 2.0 avec indication couleur de l&rsquo;\u00e9tat de charge Lampe d&rsquo;\u00e9tag\u00e8re d&rsquo;appoint avec r\u00e9glages de couleur et [&hellip;]<\/p>\n","protected":false},"featured_media":8734,"comment_status":"open","ping_status":"closed","template":"","meta":[],"product_brand":[],"product_cat":[291],"product_tag":[],"class_list":{"0":"post-8830","1":"product","2":"type-product","3":"status-publish","4":"has-post-thumbnail","6":"product_cat-foyers-electriques","8":"first","9":"instock","10":"shipping-taxable","11":"purchasable","12":"product-type-variable","13":"has-default-attributes"},"_links":{"self":[{"href":"https:\/\/fixtureplus.ca\/fr\/wp-json\/wp\/v2\/product\/8830","targetHints":{"allow":["GET"]}}],"collection":[{"href":"https:\/\/fixtureplus.ca\/fr\/wp-json\/wp\/v2\/product"}],"about":[{"href":"https:\/\/fixtureplus.ca\/fr\/wp-json\/wp\/v2\/types\/product"}],"replies":[{"embeddable":true,"href":"https:\/\/fixtureplus.ca\/fr\/wp-json\/wp\/v2\/comments?post=8830"}],"wp:featuredmedia":[{"embeddable":true,"href":"https:\/\/fixtureplus.ca\/fr\/wp-json\/wp\/v2\/media\/8734"}],"wp:attachment":[{"href":"https:\/\/fixtureplus.ca\/fr\/wp-json\/wp\/v2\/media?parent=8830"}],"wp:term":[{"taxonomy":"product_brand","embeddable":true,"href":"https:\/\/fixtureplus.ca\/fr\/wp-json\/wp\/v2\/product_brand?post=8830"},{"taxonomy":"product_cat","embeddable":true,"href":"https:\/\/fixtureplus.ca\/fr\/wp-json\/wp\/v2\/product_cat?post=8830"},{"taxonomy":"product_tag","embeddable":true,"href":"https:\/\/fixtureplus.ca\/fr\/wp-json\/wp\/v2\/product_tag?post=8830"}],"curies":[{"name":"wp","href":"https:\/\/api.w.org\/{rel}","templated":true}]}}