{"id":8858,"date":"2024-02-16T09:27:31","date_gmt":"2024-02-16T09:27:31","guid":{"rendered":"https:\/\/fixtureplus.ca\/product\/serie-entice\/"},"modified":"2024-03-10T10:26:30","modified_gmt":"2024-03-10T10:26:30","slug":"serie-entice","status":"publish","type":"product","link":"https:\/\/fixtureplus.ca\/fr\/product\/serie-entice\/","title":{"rendered":"S\u00e9rie Entice\u2122"},"content":{"rendered":"<div class=\"specification tab-item tab-on\"><\/div>\n<div class=\"key-series-features tab-item\">\n<h3>CARACT\u00c9RISTIQUES CL\u00c9S DE LA S\u00c9RIE<\/h3>\n<div class=\"clearfix text-formatted field field--name-field-product-series-features field--type-text-long field--label-hidden field__item\">\n<ul>\n<li>5 000 BTU chauffent jusqu&rsquo;\u00e0 400 pieds carr\u00e9s.<\/li>\n<li>120 V \/ 1 465 watts<\/li>\n<li>Brancher ou c\u00e2bler<\/li>\n<li>Les options d&rsquo;installation incluent suspendu au mur, semi-encastr\u00e9 et enti\u00e8rement encastr\u00e9<\/li>\n<li>Flammes bleues, orange et multicolores combin\u00e9es<\/li>\n<li>Luminosit\u00e9 et vitesse de la flamme r\u00e9glables<\/li>\n<li>Lit de braises de 6 couleurs avec modes cycle et fondu d&rsquo;entr\u00e9e et de sortie.<\/li>\n<li>M\u00e9dia cristal inclus<\/li>\n<li>Ensembles de journaux en option disponibles<\/li>\n<li>Panneau de commande tactile avec fen\u00eatre d&rsquo;affichage premium<\/li>\n<li>Protection contre la surchauffe et fonction de s\u00e9curit\u00e9 enfant pour d\u00e9sactiver la chaleur<\/li>\n<li>Contr\u00f4le du thermostat, t\u00e9l\u00e9commande compl\u00e8te et 9 r\u00e9glages de minuterie<\/li>\n<\/ul>\n<div class=\"specification tab-item tab-on\">\n<h3>SP\u00c9CIFICATION<\/h3>\n<div class=\"fuel-type\">\n<p>Type de carburant : \u00c9lectrique<\/p>\n<\/div>\n<\/div>\n<\/div>\n<\/div>\n","protected":false},"excerpt":{"rendered":"<p>CARACT\u00c9RISTIQUES CL\u00c9S DE LA S\u00c9RIE 5 000 BTU chauffent jusqu&rsquo;\u00e0 400 pieds carr\u00e9s. 120 V \/ 1 465 watts Brancher ou c\u00e2bler Les options d&rsquo;installation incluent suspendu au mur, semi-encastr\u00e9 et enti\u00e8rement encastr\u00e9 Flammes bleues, orange et multicolores combin\u00e9es Luminosit\u00e9 et vitesse de la flamme r\u00e9glables Lit de braises de 6 couleurs avec modes cycle [&hellip;]<\/p>\n","protected":false},"featured_media":8688,"comment_status":"open","ping_status":"closed","template":"","meta":[],"product_brand":[],"product_cat":[291],"product_tag":[],"class_list":{"0":"post-8858","1":"product","2":"type-product","3":"status-publish","4":"has-post-thumbnail","6":"product_cat-foyers-electriques","8":"first","9":"instock","10":"shipping-taxable","11":"purchasable","12":"product-type-variable","13":"has-default-attributes"},"_links":{"self":[{"href":"https:\/\/fixtureplus.ca\/fr\/wp-json\/wp\/v2\/product\/8858","targetHints":{"allow":["GET"]}}],"collection":[{"href":"https:\/\/fixtureplus.ca\/fr\/wp-json\/wp\/v2\/product"}],"about":[{"href":"https:\/\/fixtureplus.ca\/fr\/wp-json\/wp\/v2\/types\/product"}],"replies":[{"embeddable":true,"href":"https:\/\/fixtureplus.ca\/fr\/wp-json\/wp\/v2\/comments?post=8858"}],"wp:featuredmedia":[{"embeddable":true,"href":"https:\/\/fixtureplus.ca\/fr\/wp-json\/wp\/v2\/media\/8688"}],"wp:attachment":[{"href":"https:\/\/fixtureplus.ca\/fr\/wp-json\/wp\/v2\/media?parent=8858"}],"wp:term":[{"taxonomy":"product_brand","embeddable":true,"href":"https:\/\/fixtureplus.ca\/fr\/wp-json\/wp\/v2\/product_brand?post=8858"},{"taxonomy":"product_cat","embeddable":true,"href":"https:\/\/fixtureplus.ca\/fr\/wp-json\/wp\/v2\/product_cat?post=8858"},{"taxonomy":"product_tag","embeddable":true,"href":"https:\/\/fixtureplus.ca\/fr\/wp-json\/wp\/v2\/product_tag?post=8858"}],"curies":[{"name":"wp","href":"https:\/\/api.w.org\/{rel}","templated":true}]}}