{"id":8864,"date":"2024-02-16T09:13:27","date_gmt":"2024-02-16T09:13:27","guid":{"rendered":"https:\/\/fixtureplus.ca\/product\/serie-alluravision\/"},"modified":"2024-03-10T12:37:30","modified_gmt":"2024-03-10T12:37:30","slug":"serie-alluravision","status":"publish","type":"product","link":"https:\/\/fixtureplus.ca\/fr\/product\/serie-alluravision\/","title":{"rendered":"S\u00e9rie Alluravision\u2122"},"content":{"rendered":"<div class=\"specification tab-item tab-on\"><\/div>\n<div class=\"key-series-features tab-item\">\n<h3>CARACT\u00c9RISTIQUES CL\u00c9S DE LA S\u00c9RIE<\/h3>\n<div class=\"clearfix text-formatted field field--name-field-product-series-features field--type-text-long field--label-hidden field__item\">\n<ul>\n<li>Jusqu&rsquo;\u00e0 9 000 BTU<\/li>\n<li>Jusqu&rsquo;\u00e0 2 800 watts<\/li>\n<li>Lumi\u00e8res LED haute intensit\u00e9 avec d\u00e9marrage et arr\u00eat progressifs<\/li>\n<li>Souffleur silencieux avec fonction boost<\/li>\n<li>R\u00e9chauffe jusqu&rsquo;\u00e0 800 m\u00b2. pi.<\/li>\n<li>Encastrer enti\u00e8rement dans le mur ou accrocher facilement au mur avec un support int\u00e9gr\u00e9<\/li>\n<li>Se branche simplement sur une prise murale de 120 V ou peut \u00eatre c\u00e2bl\u00e9 \u00e0 120 V ou 240 V<\/li>\n<li>Cinq options de vitesse de flamme<\/li>\n<li>Quatre options de couleurs de flamme, quatre options de luminosit\u00e9 de flamme, cinq vitesses de flamme diff\u00e9rentes et six options de couleurs de lit de braises<\/li>\n<li>Comprend un support \u00e0 b\u00fbches avec des braises de verre et un support en cristal.<\/li>\n<\/ul>\n<div class=\"specification tab-item tab-on\">\n<h3>SP\u00c9CIFICATION<\/h3>\n<div class=\"fuel-type\">\n<p>Type de carburant : \u00c9lectrique<\/p>\n<\/div>\n<\/div>\n<\/div>\n<\/div>\n","protected":false},"excerpt":{"rendered":"<p>CARACT\u00c9RISTIQUES CL\u00c9S DE LA S\u00c9RIE Jusqu&rsquo;\u00e0 9 000 BTU Jusqu&rsquo;\u00e0 2 800 watts Lumi\u00e8res LED haute intensit\u00e9 avec d\u00e9marrage et arr\u00eat progressifs Souffleur silencieux avec fonction boost R\u00e9chauffe jusqu&rsquo;\u00e0 800 m\u00b2. pi. Encastrer enti\u00e8rement dans le mur ou accrocher facilement au mur avec un support int\u00e9gr\u00e9 Se branche simplement sur une prise murale de 120 [&hellip;]<\/p>\n","protected":false},"featured_media":8678,"comment_status":"open","ping_status":"closed","template":"","meta":[],"product_brand":[],"product_cat":[291],"product_tag":[],"class_list":{"0":"post-8864","1":"product","2":"type-product","3":"status-publish","4":"has-post-thumbnail","6":"product_cat-foyers-electriques","8":"first","9":"instock","10":"sale","11":"shipping-taxable","12":"purchasable","13":"product-type-variable","14":"has-default-attributes"},"_links":{"self":[{"href":"https:\/\/fixtureplus.ca\/fr\/wp-json\/wp\/v2\/product\/8864","targetHints":{"allow":["GET"]}}],"collection":[{"href":"https:\/\/fixtureplus.ca\/fr\/wp-json\/wp\/v2\/product"}],"about":[{"href":"https:\/\/fixtureplus.ca\/fr\/wp-json\/wp\/v2\/types\/product"}],"replies":[{"embeddable":true,"href":"https:\/\/fixtureplus.ca\/fr\/wp-json\/wp\/v2\/comments?post=8864"}],"wp:featuredmedia":[{"embeddable":true,"href":"https:\/\/fixtureplus.ca\/fr\/wp-json\/wp\/v2\/media\/8678"}],"wp:attachment":[{"href":"https:\/\/fixtureplus.ca\/fr\/wp-json\/wp\/v2\/media?parent=8864"}],"wp:term":[{"taxonomy":"product_brand","embeddable":true,"href":"https:\/\/fixtureplus.ca\/fr\/wp-json\/wp\/v2\/product_brand?post=8864"},{"taxonomy":"product_cat","embeddable":true,"href":"https:\/\/fixtureplus.ca\/fr\/wp-json\/wp\/v2\/product_cat?post=8864"},{"taxonomy":"product_tag","embeddable":true,"href":"https:\/\/fixtureplus.ca\/fr\/wp-json\/wp\/v2\/product_tag?post=8864"}],"curies":[{"name":"wp","href":"https:\/\/api.w.org\/{rel}","templated":true}]}}