{"id":8887,"date":"2024-02-15T20:46:35","date_gmt":"2024-02-15T20:46:35","guid":{"rendered":"https:\/\/fixtureplus.ca\/product\/serie-ascent-profonde\/"},"modified":"2024-03-10T12:40:35","modified_gmt":"2024-03-10T12:40:35","slug":"serie-ascent-profonde","status":"publish","type":"product","link":"https:\/\/fixtureplus.ca\/fr\/product\/serie-ascent-profonde\/","title":{"rendered":"S\u00e9rie Ascent\u2122 profonde"},"content":{"rendered":"<div class=\"specification tab-item tab-on\"><\/div>\n<div class=\"key-series-features tab-item\">\n<h3>CARACT\u00c9RISTIQUES CL\u00c9S DE LA S\u00c9RIE<\/h3>\n<div class=\"clearfix text-formatted field field--name-field-product-series-features field--type-text-long field--label-hidden field__item\">\n<ul>\n<li>Jusqu&rsquo;\u00e0 31 000 BTU<\/li>\n<li>Profondeur de charpente de 22 po<\/li>\n<li>Permettra une ventilation rigide et flexible<\/li>\n<li>Ensemble de b\u00fbches en ch\u00eane<\/li>\n<li>Large gamme d&rsquo;accessoires en option<\/li>\n<li>Gestion de la chaleur en option pour un d\u00e9gagement r\u00e9duit par rapport aux combustibles<\/li>\n<li>Mod\u00e8les au gaz naturel et au propane disponibles. Renseignez-vous aupr\u00e8s de votre revendeur Napol\u00e9on local.<\/li>\n<\/ul>\n<div class=\"specification tab-item tab-on\">\n<h3>SP\u00c9CIFICATION<\/h3>\n<div class=\"fuel-type\">\n<p>Type de carburant : Gaz<\/p>\n<\/div>\n<\/div>\n<\/div>\n<\/div>\n","protected":false},"excerpt":{"rendered":"<p>CARACT\u00c9RISTIQUES CL\u00c9S DE LA S\u00c9RIE Jusqu&rsquo;\u00e0 31 000 BTU Profondeur de charpente de 22 po Permettra une ventilation rigide et flexible Ensemble de b\u00fbches en ch\u00eane Large gamme d&rsquo;accessoires en option Gestion de la chaleur en option pour un d\u00e9gagement r\u00e9duit par rapport aux combustibles Mod\u00e8les au gaz naturel et au propane disponibles. Renseignez-vous aupr\u00e8s [&hellip;]<\/p>\n","protected":false},"featured_media":8661,"comment_status":"open","ping_status":"closed","template":"","meta":[],"product_brand":[],"product_cat":[286],"product_tag":[],"class_list":{"0":"post-8887","1":"product","2":"type-product","3":"status-publish","4":"has-post-thumbnail","6":"product_cat-foyers-au-gaz","8":"first","9":"instock","10":"shipping-taxable","11":"purchasable","12":"product-type-variable","13":"has-default-attributes"},"_links":{"self":[{"href":"https:\/\/fixtureplus.ca\/fr\/wp-json\/wp\/v2\/product\/8887","targetHints":{"allow":["GET"]}}],"collection":[{"href":"https:\/\/fixtureplus.ca\/fr\/wp-json\/wp\/v2\/product"}],"about":[{"href":"https:\/\/fixtureplus.ca\/fr\/wp-json\/wp\/v2\/types\/product"}],"replies":[{"embeddable":true,"href":"https:\/\/fixtureplus.ca\/fr\/wp-json\/wp\/v2\/comments?post=8887"}],"wp:featuredmedia":[{"embeddable":true,"href":"https:\/\/fixtureplus.ca\/fr\/wp-json\/wp\/v2\/media\/8661"}],"wp:attachment":[{"href":"https:\/\/fixtureplus.ca\/fr\/wp-json\/wp\/v2\/media?parent=8887"}],"wp:term":[{"taxonomy":"product_brand","embeddable":true,"href":"https:\/\/fixtureplus.ca\/fr\/wp-json\/wp\/v2\/product_brand?post=8887"},{"taxonomy":"product_cat","embeddable":true,"href":"https:\/\/fixtureplus.ca\/fr\/wp-json\/wp\/v2\/product_cat?post=8887"},{"taxonomy":"product_tag","embeddable":true,"href":"https:\/\/fixtureplus.ca\/fr\/wp-json\/wp\/v2\/product_tag?post=8887"}],"curies":[{"name":"wp","href":"https:\/\/api.w.org\/{rel}","templated":true}]}}