{"id":8891,"date":"2024-02-15T20:33:14","date_gmt":"2024-02-15T20:33:14","guid":{"rendered":"https:\/\/fixtureplus.ca\/product\/serie-altitude\/"},"modified":"2024-03-10T12:41:28","modified_gmt":"2024-03-10T12:41:28","slug":"serie-altitude","status":"publish","type":"product","link":"https:\/\/fixtureplus.ca\/fr\/product\/serie-altitude\/","title":{"rendered":"S\u00e9rie Altitude\u2122"},"content":{"rendered":"<div class=\"specification tab-item tab-on\">\n<div class=\"available-size\">\n<div class=\"field field--name-field-size-select field--type-entity-reference field--label-hidden field__items\"><span style=\"font-size: 1.618em\">CARACT\u00c9RISTIQUES CL\u00c9S DE LA S\u00c9RIE<\/span><\/div>\n<\/div>\n<\/div>\n<div class=\"key-series-features tab-item\">\n<div class=\"clearfix text-formatted field field--name-field-product-series-features field--type-text-long field--label-hidden field__item\">\n<ul>\n<li>Jusqu&rsquo;\u00e0 30 000 BTU<\/li>\n<li>Foyer \u00e0 vue compl\u00e8te offrant un affichage optimal du feu<\/li>\n<li>La barri\u00e8re de s\u00e9curit\u00e9 incluse assure la s\u00e9curit\u00e9 sans obstruer la vue<\/li>\n<li>Ensemble de b\u00fbches de ch\u00eane fendu inclus pour une apparence r\u00e9aliste<\/li>\n<li>Cinq kits de panneaux de briques d\u00e9coratifs comprennent des panneaux radiants r\u00e9fl\u00e9chissants en porcelaine MIRRO-FLAME\u2122, du verre illusion noir, Westminster\u2122 Standard et Herringbone, et Newport\u2122 Standard.<\/li>\n<li>Fa\u00e7ade zen en option \u2013 anthracite, noir<\/li>\n<li>Garnitures de finition en option \u2013 anthracite, noir, bronze \u00e0 canon, cuivre<\/li>\n<li>T\u00e9l\u00e9commande en option (F45 et F60)<\/li>\n<li>Le syst\u00e8me de gestion de la chaleur universel passif en option signifie que la chaleur circule efficacement et silencieusement et offre un placement optimal pour les installations de t\u00e9l\u00e9viseurs.<\/li>\n<li>Ventilateur de circulation de chaleur en option<\/li>\n<li>Mod\u00e8les au gaz naturel et au propane disponibles. Renseignez-vous aupr\u00e8s de votre revendeur Napol\u00e9on local.<\/li>\n<\/ul>\n<h3>SP\u00c9CIFICATION<\/h3>\n<div class=\"fuel-type\">\n<p>Type de carburant : Gaz<\/p>\n<\/div>\n<\/div>\n<\/div>\n","protected":false},"excerpt":{"rendered":"<p>CARACT\u00c9RISTIQUES CL\u00c9S DE LA S\u00c9RIE Jusqu&rsquo;\u00e0 30 000 BTU Foyer \u00e0 vue compl\u00e8te offrant un affichage optimal du feu La barri\u00e8re de s\u00e9curit\u00e9 incluse assure la s\u00e9curit\u00e9 sans obstruer la vue Ensemble de b\u00fbches de ch\u00eane fendu inclus pour une apparence r\u00e9aliste Cinq kits de panneaux de briques d\u00e9coratifs comprennent des panneaux radiants r\u00e9fl\u00e9chissants en [&hellip;]<\/p>\n","protected":false},"featured_media":8656,"comment_status":"open","ping_status":"closed","template":"","meta":[],"product_brand":[],"product_cat":[286],"product_tag":[],"class_list":{"0":"post-8891","1":"product","2":"type-product","3":"status-publish","4":"has-post-thumbnail","6":"product_cat-foyers-au-gaz","8":"first","9":"instock","10":"shipping-taxable","11":"purchasable","12":"product-type-variable","13":"has-default-attributes"},"_links":{"self":[{"href":"https:\/\/fixtureplus.ca\/fr\/wp-json\/wp\/v2\/product\/8891","targetHints":{"allow":["GET"]}}],"collection":[{"href":"https:\/\/fixtureplus.ca\/fr\/wp-json\/wp\/v2\/product"}],"about":[{"href":"https:\/\/fixtureplus.ca\/fr\/wp-json\/wp\/v2\/types\/product"}],"replies":[{"embeddable":true,"href":"https:\/\/fixtureplus.ca\/fr\/wp-json\/wp\/v2\/comments?post=8891"}],"wp:featuredmedia":[{"embeddable":true,"href":"https:\/\/fixtureplus.ca\/fr\/wp-json\/wp\/v2\/media\/8656"}],"wp:attachment":[{"href":"https:\/\/fixtureplus.ca\/fr\/wp-json\/wp\/v2\/media?parent=8891"}],"wp:term":[{"taxonomy":"product_brand","embeddable":true,"href":"https:\/\/fixtureplus.ca\/fr\/wp-json\/wp\/v2\/product_brand?post=8891"},{"taxonomy":"product_cat","embeddable":true,"href":"https:\/\/fixtureplus.ca\/fr\/wp-json\/wp\/v2\/product_cat?post=8891"},{"taxonomy":"product_tag","embeddable":true,"href":"https:\/\/fixtureplus.ca\/fr\/wp-json\/wp\/v2\/product_tag?post=8891"}],"curies":[{"name":"wp","href":"https:\/\/api.w.org\/{rel}","templated":true}]}}