{"id":8915,"date":"2024-02-15T20:20:01","date_gmt":"2024-02-15T20:20:01","guid":{"rendered":"https:\/\/fixtureplus.ca\/product\/serie-altitude-x\/"},"modified":"2024-02-15T20:20:01","modified_gmt":"2024-02-15T20:20:01","slug":"serie-altitude-x","status":"publish","type":"product","link":"https:\/\/fixtureplus.ca\/fr\/product\/serie-altitude-x\/","title":{"rendered":"S\u00e9rie Altitude\u2122 X"},"content":{"rendered":"<div class=\"specification tab-item tab-on\">\n<div class=\"available-size\">\n<div class=\"field field--name-field-size-select field--type-entity-reference field--label-hidden field__items\"><span style=\"font-size: 1.618em\">CARACT\u00c9RISTIQUES CL\u00c9S DE LA S\u00c9RIE<\/span><\/div>\n<\/div>\n<\/div>\n<div class=\"key-series-features tab-item\">\n<div class=\"clearfix text-formatted field field--name-field-product-series-features field--type-text-long field--label-hidden field__item\">\n<ul>\n<li>Jusqu&rsquo;\u00e0 38 000 BTU<\/li>\n<li>Accessoires haut de gamme disponibles<\/li>\n<li>NIGHT LIGHT\u2122 exclusif<\/li>\n<li>Conception de fa\u00e7ade \u00e9pur\u00e9e avec flamme pleine dans la chambre de combustion<\/li>\n<li>Trois options d&rsquo;ensemble de b\u00fbches ultra HD de qualit\u00e9 sup\u00e9rieure : bois flott\u00e9, ch\u00eane et bouleau.<\/li>\n<li>Fa\u00e7ade Zen disponible en anthracite et noir<\/li>\n<li>Fa\u00e7ades haut de gamme Whitney et Denali disponibles avec trois options de couleurs accentu\u00e9es<\/li>\n<li>Garniture de finition disponible en anthracite, noir, bronze \u00e0 canon et cuivre<\/li>\n<li>Six kits de briques d\u00e9coratives comprennent des panneaux radiants r\u00e9fl\u00e9chissants en porcelaine MIRRO-FLAME\u2122, Westminster\u2122 Standard et Herringbone, Newport\u2122 Standard, Old Town Red\u2122 Standard et Herringbone.<\/li>\n<li>Application \u00e0 distance eFIRE &#8211; contr\u00f4le total de votre foyer depuis votre appareil mobile<\/li>\n<li>Ventilateur de circulation de chaleur \u00e0 vitesse variable et contr\u00f4le thermostatique offrant une performance de chauffage puissante, inclus<\/li>\n<li>Les fibres m\u00e9talliques AMBIENT-GLOW en option sont con\u00e7ues pour am\u00e9liorer les braises incandescentes des feux \u00e0 gaz<\/li>\n<li>Mod\u00e8les au gaz naturel et au propane disponibles. Renseignez-vous aupr\u00e8s de votre revendeur Napol\u00e9on local.<\/li>\n<\/ul>\n<h3>SP\u00c9CIFICATION<\/h3>\n<div class=\"fuel-type\">\n<p>Type de carburant : Gaz<\/p>\n<\/div>\n<\/div>\n<\/div>\n","protected":false},"excerpt":{"rendered":"<p>CARACT\u00c9RISTIQUES CL\u00c9S DE LA S\u00c9RIE Jusqu&rsquo;\u00e0 38 000 BTU Accessoires haut de gamme disponibles NIGHT LIGHT\u2122 exclusif Conception de fa\u00e7ade \u00e9pur\u00e9e avec flamme pleine dans la chambre de combustion Trois options d&rsquo;ensemble de b\u00fbches ultra HD de qualit\u00e9 sup\u00e9rieure : bois flott\u00e9, ch\u00eane et bouleau. Fa\u00e7ade Zen disponible en anthracite et noir Fa\u00e7ades haut de [&hellip;]<\/p>\n","protected":false},"featured_media":8655,"comment_status":"open","ping_status":"closed","template":"","meta":[],"product_brand":[],"product_cat":[286],"product_tag":[],"class_list":{"0":"post-8915","1":"product","2":"type-product","3":"status-publish","4":"has-post-thumbnail","6":"product_cat-foyers-au-gaz","8":"first","9":"instock","10":"shipping-taxable","11":"purchasable","12":"product-type-variable","13":"has-default-attributes"},"_links":{"self":[{"href":"https:\/\/fixtureplus.ca\/fr\/wp-json\/wp\/v2\/product\/8915","targetHints":{"allow":["GET"]}}],"collection":[{"href":"https:\/\/fixtureplus.ca\/fr\/wp-json\/wp\/v2\/product"}],"about":[{"href":"https:\/\/fixtureplus.ca\/fr\/wp-json\/wp\/v2\/types\/product"}],"replies":[{"embeddable":true,"href":"https:\/\/fixtureplus.ca\/fr\/wp-json\/wp\/v2\/comments?post=8915"}],"wp:featuredmedia":[{"embeddable":true,"href":"https:\/\/fixtureplus.ca\/fr\/wp-json\/wp\/v2\/media\/8655"}],"wp:attachment":[{"href":"https:\/\/fixtureplus.ca\/fr\/wp-json\/wp\/v2\/media?parent=8915"}],"wp:term":[{"taxonomy":"product_brand","embeddable":true,"href":"https:\/\/fixtureplus.ca\/fr\/wp-json\/wp\/v2\/product_brand?post=8915"},{"taxonomy":"product_cat","embeddable":true,"href":"https:\/\/fixtureplus.ca\/fr\/wp-json\/wp\/v2\/product_cat?post=8915"},{"taxonomy":"product_tag","embeddable":true,"href":"https:\/\/fixtureplus.ca\/fr\/wp-json\/wp\/v2\/product_tag?post=8915"}],"curies":[{"name":"wp","href":"https:\/\/api.w.org\/{rel}","templated":true}]}}