{"id":8918,"date":"2024-02-16T07:04:22","date_gmt":"2024-02-16T07:04:22","guid":{"rendered":"https:\/\/fixtureplus.ca\/product\/serie-stupefiante\/"},"modified":"2024-03-10T13:57:57","modified_gmt":"2024-03-10T13:57:57","slug":"serie-stupefiante","status":"publish","type":"product","link":"https:\/\/fixtureplus.ca\/fr\/product\/serie-stupefiante\/","title":{"rendered":"S\u00e9rie stup\u00e9fiante"},"content":{"rendered":"<div class=\"specification tab-item tab-on\"><\/div>\n<div class=\"key-series-features tab-item\">\n<h3>CARACT\u00c9RISTIQUES CL\u00c9S DE LA S\u00c9RIE<\/h3>\n<div class=\"clearfix text-formatted field field--name-field-product-series-features field--type-text-long field--label-hidden field__item\">\n<ul>\n<li>Profitez d&rsquo;options d&rsquo;installation illimit\u00e9es avec une apparence sans cadre ou avec la garniture de finition r\u00e9glable pour un look plus traditionnel.<\/li>\n<li>Une zone de visualisation extra-large vous permet de profiter du motif de flamme ultrar\u00e9aliste. Le verre teint\u00e9 offre une exp\u00e9rience visuelle exceptionnelle et des reflets r\u00e9duits pour que vous puissiez encore mieux voir les flammes.<\/li>\n<li>Les couleurs de flammes orange et jaune am\u00e9lior\u00e9es et la technologie d&rsquo;\u00e9tincelles imitent un vrai feu pour une exp\u00e9rience de foyer \u00e9lectrique in\u00e9gal\u00e9e.<\/li>\n<li>Le verre de style rabattable unique permet un acc\u00e8s facile pour changer les cristaux et les b\u00fbches. Cela simplifie la personnalisation de votre foyer \u00e9lectrique avec des m\u00e9dias suppl\u00e9mentaires, des changements de d\u00e9cor pour les vacances et des ajouts sentimentaux.<\/li>\n<li>Int\u00e9grez pleinement ce foyer \u00e9lectrique dans votre vie gr\u00e2ce \u00e0 l&rsquo;activation de la commande vocale, utilisez l&rsquo;application compatible WiFi, la t\u00e9l\u00e9commande incluse ou la t\u00e9l\u00e9commande murale en option.<\/li>\n<li>Faites fonctionner ce foyer \u00e9lectrique en mode ECO lorsque vous n&rsquo;avez besoin que d&rsquo;un peu de chaleur et en \u00e9conomisant de l&rsquo;\u00e9nergie. Besoin d&rsquo;un peu plus de chaleur ? Le mode Boost augmente la vitesse du ventilateur et la production de chaleur.<\/li>\n<li>Dot\u00e9s de 13 options standard de lit de braises et de couleurs de lumi\u00e8re sup\u00e9rieure, ceux-ci peuvent \u00eatre personnalis\u00e9s \u00e0 l&rsquo;aide de l&rsquo;application LuminairePlus Home pour s&rsquo;adapter parfaitement \u00e0 votre d\u00e9cor et \u00e0 votre humeur.<\/li>\n<li>B\u00fbches de bois flott\u00e9 et kit m\u00e9dia Woodland inclus pour une apparence r\u00e9aliste du foyer.<\/li>\n<li>Personnalisez ce foyer \u00e9lectrique en achetant des kits multim\u00e9dia en option comprenant des b\u00fbches de bouleau, de la roche min\u00e9rale, des perles de verre et des cristaux noirs.<\/li>\n<\/ul>\n<div class=\"specification tab-item tab-on\">\n<h3>SP\u00c9CIFICATION<\/h3>\n<div class=\"fuel-type\">\n<p>Type de carburant : \u00c9lectrique<\/p>\n<\/div>\n<\/div>\n<\/div>\n<\/div>\n","protected":false},"excerpt":{"rendered":"<p>CARACT\u00c9RISTIQUES CL\u00c9S DE LA S\u00c9RIE Profitez d&rsquo;options d&rsquo;installation illimit\u00e9es avec une apparence sans cadre ou avec la garniture de finition r\u00e9glable pour un look plus traditionnel. Une zone de visualisation extra-large vous permet de profiter du motif de flamme ultrar\u00e9aliste. Le verre teint\u00e9 offre une exp\u00e9rience visuelle exceptionnelle et des reflets r\u00e9duits pour que vous [&hellip;]<\/p>\n","protected":false},"featured_media":8673,"comment_status":"open","ping_status":"closed","template":"","meta":[],"product_brand":[],"product_cat":[291],"product_tag":[],"class_list":{"0":"post-8918","1":"product","2":"type-product","3":"status-publish","4":"has-post-thumbnail","6":"product_cat-foyers-electriques","8":"first","9":"instock","10":"shipping-taxable","11":"purchasable","12":"product-type-variable","13":"has-default-attributes"},"_links":{"self":[{"href":"https:\/\/fixtureplus.ca\/fr\/wp-json\/wp\/v2\/product\/8918","targetHints":{"allow":["GET"]}}],"collection":[{"href":"https:\/\/fixtureplus.ca\/fr\/wp-json\/wp\/v2\/product"}],"about":[{"href":"https:\/\/fixtureplus.ca\/fr\/wp-json\/wp\/v2\/types\/product"}],"replies":[{"embeddable":true,"href":"https:\/\/fixtureplus.ca\/fr\/wp-json\/wp\/v2\/comments?post=8918"}],"wp:featuredmedia":[{"embeddable":true,"href":"https:\/\/fixtureplus.ca\/fr\/wp-json\/wp\/v2\/media\/8673"}],"wp:attachment":[{"href":"https:\/\/fixtureplus.ca\/fr\/wp-json\/wp\/v2\/media?parent=8918"}],"wp:term":[{"taxonomy":"product_brand","embeddable":true,"href":"https:\/\/fixtureplus.ca\/fr\/wp-json\/wp\/v2\/product_brand?post=8918"},{"taxonomy":"product_cat","embeddable":true,"href":"https:\/\/fixtureplus.ca\/fr\/wp-json\/wp\/v2\/product_cat?post=8918"},{"taxonomy":"product_tag","embeddable":true,"href":"https:\/\/fixtureplus.ca\/fr\/wp-json\/wp\/v2\/product_tag?post=8918"}],"curies":[{"name":"wp","href":"https:\/\/api.w.org\/{rel}","templated":true}]}}