{"id":8919,"date":"2024-02-15T21:26:55","date_gmt":"2024-02-15T21:26:55","guid":{"rendered":"https:\/\/fixtureplus.ca\/product\/serie-ascent\/"},"modified":"2024-02-15T21:26:55","modified_gmt":"2024-02-15T21:26:55","slug":"serie-ascent","status":"publish","type":"product","link":"https:\/\/fixtureplus.ca\/fr\/product\/serie-ascent\/","title":{"rendered":"S\u00e9rie Ascent\u2122"},"content":{"rendered":"<div class=\"specification tab-item tab-on\"><\/div>\n<div class=\"key-series-features tab-item\">\n<h3>CARACT\u00c9RISTIQUES CL\u00c9S DE LA S\u00c9RIE<\/h3>\n<div class=\"clearfix text-formatted field field--name-field-product-series-features field--type-text-long field--label-hidden field__item\">\n<ul>\n<li>Jusqu&rsquo;\u00e0 22 000 BTU<\/li>\n<li>Ensemble de b\u00fbches PHAZER\u2122 exclusif et lit de braises incandescentes<\/li>\n<li>Br\u00fbleur de style po\u00eale<\/li>\n<li>Pr\u00e9-c\u00e2bl\u00e9 pour interrupteur mural<\/li>\n<li>Allumage millivolt ou \u00e9lectronique<\/li>\n<li>Syst\u00e8me de contr\u00f4le de secours<\/li>\n<li>Mod\u00e8les au gaz naturel et au propane disponibles. Renseignez-vous aupr\u00e8s de votre revendeur Napol\u00e9on local.<\/li>\n<\/ul>\n<div class=\"specification tab-item tab-on\">\n<h3>SP\u00c9CIFICATION<\/h3>\n<div class=\"fuel-type\">\n<p>Type de carburant : Gaz<\/p>\n<\/div>\n<\/div>\n<\/div>\n<\/div>\n","protected":false},"excerpt":{"rendered":"<p>CARACT\u00c9RISTIQUES CL\u00c9S DE LA S\u00c9RIE Jusqu&rsquo;\u00e0 22 000 BTU Ensemble de b\u00fbches PHAZER\u2122 exclusif et lit de braises incandescentes Br\u00fbleur de style po\u00eale Pr\u00e9-c\u00e2bl\u00e9 pour interrupteur mural Allumage millivolt ou \u00e9lectronique Syst\u00e8me de contr\u00f4le de secours Mod\u00e8les au gaz naturel et au propane disponibles. Renseignez-vous aupr\u00e8s de votre revendeur Napol\u00e9on local. SP\u00c9CIFICATION Type de carburant [&hellip;]<\/p>\n","protected":false},"featured_media":8668,"comment_status":"open","ping_status":"closed","template":"","meta":[],"product_brand":[],"product_cat":[286],"product_tag":[],"class_list":{"0":"post-8919","1":"product","2":"type-product","3":"status-publish","4":"has-post-thumbnail","6":"product_cat-foyers-au-gaz","8":"first","9":"instock","10":"shipping-taxable","11":"purchasable","12":"product-type-variable","13":"has-default-attributes"},"_links":{"self":[{"href":"https:\/\/fixtureplus.ca\/fr\/wp-json\/wp\/v2\/product\/8919","targetHints":{"allow":["GET"]}}],"collection":[{"href":"https:\/\/fixtureplus.ca\/fr\/wp-json\/wp\/v2\/product"}],"about":[{"href":"https:\/\/fixtureplus.ca\/fr\/wp-json\/wp\/v2\/types\/product"}],"replies":[{"embeddable":true,"href":"https:\/\/fixtureplus.ca\/fr\/wp-json\/wp\/v2\/comments?post=8919"}],"wp:featuredmedia":[{"embeddable":true,"href":"https:\/\/fixtureplus.ca\/fr\/wp-json\/wp\/v2\/media\/8668"}],"wp:attachment":[{"href":"https:\/\/fixtureplus.ca\/fr\/wp-json\/wp\/v2\/media?parent=8919"}],"wp:term":[{"taxonomy":"product_brand","embeddable":true,"href":"https:\/\/fixtureplus.ca\/fr\/wp-json\/wp\/v2\/product_brand?post=8919"},{"taxonomy":"product_cat","embeddable":true,"href":"https:\/\/fixtureplus.ca\/fr\/wp-json\/wp\/v2\/product_cat?post=8919"},{"taxonomy":"product_tag","embeddable":true,"href":"https:\/\/fixtureplus.ca\/fr\/wp-json\/wp\/v2\/product_tag?post=8919"}],"curies":[{"name":"wp","href":"https:\/\/api.w.org\/{rel}","templated":true}]}}