{"id":9229,"date":"2024-02-15T20:11:41","date_gmt":"2024-02-15T20:11:41","guid":{"rendered":"https:\/\/fixtureplus.ca\/product\/serie-elevation\/"},"modified":"2024-02-15T20:11:41","modified_gmt":"2024-02-15T20:11:41","slug":"serie-elevation","status":"publish","type":"product","link":"https:\/\/fixtureplus.ca\/fr\/product\/serie-elevation\/","title":{"rendered":"S\u00e9rie \u00c9l\u00e9vation\u2122"},"content":{"rendered":"<div class=\"specification tab-item tab-on\">\n<div class=\"fuel-type\">\n<p><span style=\"font-size: 1.618em\">CARACT\u00c9RISTIQUES CL\u00c9S DE LA S\u00c9RIE<\/span><\/p>\n<\/div>\n<\/div>\n<div class=\"key-series-features tab-item\">\n<div class=\"clearfix text-formatted field field--name-field-product-series-features field--type-text-long field--label-hidden field__item\">\n<ul>\n<li>Jusqu&rsquo;\u00e0 30 000 BTU<\/li>\n<li>Gestion de la chaleur en option pour r\u00e9duire les d\u00e9gagements par rapport aux combustibles<\/li>\n<li>Ventilation sup\u00e9rieure de 5\/8&Prime; &#8211; Accepte les ventilations flexibles et rigides<\/li>\n<li>Barri\u00e8re de s\u00e9curit\u00e9 \u00e0 vue compl\u00e8te<\/li>\n<li>Tempered Glass<\/li>\n<li>Br\u00fbleur \u00e0 double flamme<\/li>\n<li>Fa\u00e7ade Zen disponible en charbon et noir<\/li>\n<li>Garniture de finition disponible en noir, charbon de bois, bronze \u00e0 canon et cuivre<\/li>\n<li>Syst\u00e8me universel de gestion de la chaleur en option<\/li>\n<li>T\u00e9l\u00e9commande et ventilateur en option<\/li>\n<li>Panneaux d\u00e9coratifs en option comprenant ; Panneaux radiants r\u00e9fl\u00e9chissants en porcelaine MIRRO-FLAME\u2122, panneaux Westminster, Old Town Red, Newport, Glacier et Ledgestone<\/li>\n<li>Mod\u00e8les au gaz naturel et au propane disponibles. Renseignez-vous aupr\u00e8s de votre revendeur Napol\u00e9on local.<\/li>\n<\/ul>\n<h3>SP\u00c9CIFICATION<\/h3>\n<div class=\"fuel-type\">\n<p>Type de carburant : Gaz<\/p>\n<\/div>\n<\/div>\n<\/div>\n","protected":false},"excerpt":{"rendered":"<p>CARACT\u00c9RISTIQUES CL\u00c9S DE LA S\u00c9RIE Jusqu&rsquo;\u00e0 30 000 BTU Gestion de la chaleur en option pour r\u00e9duire les d\u00e9gagements par rapport aux combustibles Ventilation sup\u00e9rieure de 5\/8&Prime; &#8211; Accepte les ventilations flexibles et rigides Barri\u00e8re de s\u00e9curit\u00e9 \u00e0 vue compl\u00e8te Tempered Glass Br\u00fbleur \u00e0 double flamme Fa\u00e7ade Zen disponible en charbon et noir Garniture de [&hellip;]<\/p>\n","protected":false},"featured_media":8650,"comment_status":"open","ping_status":"closed","template":"","meta":[],"product_brand":[],"product_cat":[286],"product_tag":[],"class_list":{"0":"post-9229","1":"product","2":"type-product","3":"status-publish","4":"has-post-thumbnail","6":"product_cat-foyers-au-gaz","8":"first","9":"instock","10":"shipping-taxable","11":"purchasable","12":"product-type-variable","13":"has-default-attributes"},"_links":{"self":[{"href":"https:\/\/fixtureplus.ca\/fr\/wp-json\/wp\/v2\/product\/9229","targetHints":{"allow":["GET"]}}],"collection":[{"href":"https:\/\/fixtureplus.ca\/fr\/wp-json\/wp\/v2\/product"}],"about":[{"href":"https:\/\/fixtureplus.ca\/fr\/wp-json\/wp\/v2\/types\/product"}],"replies":[{"embeddable":true,"href":"https:\/\/fixtureplus.ca\/fr\/wp-json\/wp\/v2\/comments?post=9229"}],"wp:featuredmedia":[{"embeddable":true,"href":"https:\/\/fixtureplus.ca\/fr\/wp-json\/wp\/v2\/media\/8650"}],"wp:attachment":[{"href":"https:\/\/fixtureplus.ca\/fr\/wp-json\/wp\/v2\/media?parent=9229"}],"wp:term":[{"taxonomy":"product_brand","embeddable":true,"href":"https:\/\/fixtureplus.ca\/fr\/wp-json\/wp\/v2\/product_brand?post=9229"},{"taxonomy":"product_cat","embeddable":true,"href":"https:\/\/fixtureplus.ca\/fr\/wp-json\/wp\/v2\/product_cat?post=9229"},{"taxonomy":"product_tag","embeddable":true,"href":"https:\/\/fixtureplus.ca\/fr\/wp-json\/wp\/v2\/product_tag?post=9229"}],"curies":[{"name":"wp","href":"https:\/\/api.w.org\/{rel}","templated":true}]}}