{"id":9232,"date":"2024-02-15T19:53:12","date_gmt":"2024-02-15T19:53:12","guid":{"rendered":"https:\/\/fixtureplus.ca\/product\/vector-series\/"},"modified":"2024-02-15T19:53:12","modified_gmt":"2024-02-15T19:53:12","slug":"vector-series","status":"publish","type":"product","link":"https:\/\/fixtureplus.ca\/fr\/product\/vector-series\/","title":{"rendered":"Vector\u2122 Series"},"content":{"rendered":"<div class=\"specification tab-item tab-on\"><\/div>\n<div class=\"key-series-features tab-item\">\n<h3>CARACT\u00c9RISTIQUES CL\u00c9S DE LA S\u00c9RIE<\/h3>\n<div class=\"clearfix text-formatted field field--name-field-product-series-features field--type-text-long field--label-hidden field__item\">\n<ul>\n<li>Jusqu&rsquo;\u00e0 48 000 BTU<\/li>\n<li>Application Bluetooth eFIRE incluse<\/li>\n<li>Syst\u00e8me NIGHT LIGHT\u2122<\/li>\n<li>Panneaux radiants r\u00e9fl\u00e9chissants en porcelaine MIRRO-FLAME\u2122<\/li>\n<li>Lit de braises avec lumi\u00e8res LED multicolores<\/li>\n<li>Mod\u00e8le de flamme Divinity\u2122<\/li>\n<li>Allumage \u00e9lectronique<\/li>\n<\/ul>\n<div class=\"specification tab-item tab-on\">\n<h3>SP\u00c9CIFICATION<\/h3>\n<div class=\"fuel-type\">\n<p>Type de carburant : Gaz<\/p>\n<\/div>\n<\/div>\n<\/div>\n<\/div>\n","protected":false},"excerpt":{"rendered":"<p>CARACT\u00c9RISTIQUES CL\u00c9S DE LA S\u00c9RIE Jusqu&rsquo;\u00e0 48 000 BTU Application Bluetooth eFIRE incluse Syst\u00e8me NIGHT LIGHT\u2122 Panneaux radiants r\u00e9fl\u00e9chissants en porcelaine MIRRO-FLAME\u2122 Lit de braises avec lumi\u00e8res LED multicolores Mod\u00e8le de flamme Divinity\u2122 Allumage \u00e9lectronique SP\u00c9CIFICATION Type de carburant : Gaz<\/p>\n","protected":false},"featured_media":8645,"comment_status":"open","ping_status":"closed","template":"","meta":[],"product_brand":[],"product_cat":[286],"product_tag":[],"class_list":{"0":"post-9232","1":"product","2":"type-product","3":"status-publish","4":"has-post-thumbnail","6":"product_cat-foyers-au-gaz","8":"first","9":"instock","10":"shipping-taxable","11":"purchasable","12":"product-type-variable","13":"has-default-attributes"},"_links":{"self":[{"href":"https:\/\/fixtureplus.ca\/fr\/wp-json\/wp\/v2\/product\/9232","targetHints":{"allow":["GET"]}}],"collection":[{"href":"https:\/\/fixtureplus.ca\/fr\/wp-json\/wp\/v2\/product"}],"about":[{"href":"https:\/\/fixtureplus.ca\/fr\/wp-json\/wp\/v2\/types\/product"}],"replies":[{"embeddable":true,"href":"https:\/\/fixtureplus.ca\/fr\/wp-json\/wp\/v2\/comments?post=9232"}],"wp:featuredmedia":[{"embeddable":true,"href":"https:\/\/fixtureplus.ca\/fr\/wp-json\/wp\/v2\/media\/8645"}],"wp:attachment":[{"href":"https:\/\/fixtureplus.ca\/fr\/wp-json\/wp\/v2\/media?parent=9232"}],"wp:term":[{"taxonomy":"product_brand","embeddable":true,"href":"https:\/\/fixtureplus.ca\/fr\/wp-json\/wp\/v2\/product_brand?post=9232"},{"taxonomy":"product_cat","embeddable":true,"href":"https:\/\/fixtureplus.ca\/fr\/wp-json\/wp\/v2\/product_cat?post=9232"},{"taxonomy":"product_tag","embeddable":true,"href":"https:\/\/fixtureplus.ca\/fr\/wp-json\/wp\/v2\/product_tag?post=9232"}],"curies":[{"name":"wp","href":"https:\/\/api.w.org\/{rel}","templated":true}]}}