{"id":9250,"date":"2024-02-15T19:08:40","date_gmt":"2024-02-15T19:08:40","guid":{"rendered":"https:\/\/fixtureplus.ca\/product\/serie-luxuria\/"},"modified":"2024-02-15T19:08:40","modified_gmt":"2024-02-15T19:08:40","slug":"serie-luxuria","status":"publish","type":"product","link":"https:\/\/fixtureplus.ca\/fr\/product\/serie-luxuria\/","title":{"rendered":"S\u00e9rie Luxuria\u2122"},"content":{"rendered":"<div class=\"specification tab-item tab-on\">\n<div class=\"view-type\">\n<p><span style=\"font-size: 1.618em\">CARACT\u00c9RISTIQUES CL\u00c9S DE LA S\u00c9RIE<\/span><\/p>\n<\/div>\n<\/div>\n<div class=\"key-series-features tab-item\">\n<div class=\"clearfix text-formatted field field--name-field-product-series-features field--type-text-long field--label-hidden field__item\">\n<ul>\n<li>Jusqu&rsquo;\u00e0 50 000 BTU<\/li>\n<li>Syst\u00e8me de protection en verre \u00e0 triple vitrage s\u00fbr au toucher<\/li>\n<li>Coffre-fort pour exposer des t\u00e9l\u00e9viseurs et des \u0153uvres d&rsquo;art au-dessus de la chemin\u00e9e<\/li>\n<li>Dynamic Heat Control\u2122 en instance de brevet<\/li>\n<li>Application Bluetooth eFIRE incluse<\/li>\n<li>Syst\u00e8me NIGHT LIGHT\u2122<\/li>\n<li>Panneaux radiants r\u00e9fl\u00e9chissants en porcelaine MIRRO-FLAME\u2122<\/li>\n<li>Lit de braises avec lumi\u00e8res LED multicolores<\/li>\n<li>Mod\u00e8le de flamme Divinity\u2122<\/li>\n<li>Allumage \u00e9lectronique<\/li>\n<\/ul>\n<h3>SP\u00c9CIFICATION<\/h3>\n<div class=\"fuel-type\">\n<p>Type de carburant : Gaz<\/p>\n<\/div>\n<\/div>\n<\/div>\n","protected":false},"excerpt":{"rendered":"<p>CARACT\u00c9RISTIQUES CL\u00c9S DE LA S\u00c9RIE Jusqu&rsquo;\u00e0 50 000 BTU Syst\u00e8me de protection en verre \u00e0 triple vitrage s\u00fbr au toucher Coffre-fort pour exposer des t\u00e9l\u00e9viseurs et des \u0153uvres d&rsquo;art au-dessus de la chemin\u00e9e Dynamic Heat Control\u2122 en instance de brevet Application Bluetooth eFIRE incluse Syst\u00e8me NIGHT LIGHT\u2122 Panneaux radiants r\u00e9fl\u00e9chissants en porcelaine MIRRO-FLAME\u2122 Lit de [&hellip;]<\/p>\n","protected":false},"featured_media":8631,"comment_status":"open","ping_status":"closed","template":"","meta":[],"product_brand":[],"product_cat":[286],"product_tag":[],"class_list":{"0":"post-9250","1":"product","2":"type-product","3":"status-publish","4":"has-post-thumbnail","6":"product_cat-foyers-au-gaz","8":"first","9":"instock","10":"shipping-taxable","11":"purchasable","12":"product-type-variable","13":"has-default-attributes"},"_links":{"self":[{"href":"https:\/\/fixtureplus.ca\/fr\/wp-json\/wp\/v2\/product\/9250","targetHints":{"allow":["GET"]}}],"collection":[{"href":"https:\/\/fixtureplus.ca\/fr\/wp-json\/wp\/v2\/product"}],"about":[{"href":"https:\/\/fixtureplus.ca\/fr\/wp-json\/wp\/v2\/types\/product"}],"replies":[{"embeddable":true,"href":"https:\/\/fixtureplus.ca\/fr\/wp-json\/wp\/v2\/comments?post=9250"}],"wp:featuredmedia":[{"embeddable":true,"href":"https:\/\/fixtureplus.ca\/fr\/wp-json\/wp\/v2\/media\/8631"}],"wp:attachment":[{"href":"https:\/\/fixtureplus.ca\/fr\/wp-json\/wp\/v2\/media?parent=9250"}],"wp:term":[{"taxonomy":"product_brand","embeddable":true,"href":"https:\/\/fixtureplus.ca\/fr\/wp-json\/wp\/v2\/product_brand?post=9250"},{"taxonomy":"product_cat","embeddable":true,"href":"https:\/\/fixtureplus.ca\/fr\/wp-json\/wp\/v2\/product_cat?post=9250"},{"taxonomy":"product_tag","embeddable":true,"href":"https:\/\/fixtureplus.ca\/fr\/wp-json\/wp\/v2\/product_tag?post=9250"}],"curies":[{"name":"wp","href":"https:\/\/api.w.org\/{rel}","templated":true}]}}