{"id":9270,"date":"2024-01-22T08:56:07","date_gmt":"2024-01-22T08:56:07","guid":{"rendered":"https:\/\/fixtureplus.ca\/product\/serie-ascent-lineaire-premium\/"},"modified":"2024-01-22T08:56:07","modified_gmt":"2024-01-22T08:56:07","slug":"serie-ascent-lineaire-premium","status":"publish","type":"product","link":"https:\/\/fixtureplus.ca\/fr\/product\/serie-ascent-lineaire-premium\/","title":{"rendered":"S\u00e9rie Ascent\u2122 Lin\u00e9aire Premium"},"content":{"rendered":"<h3>Faites de la s\u00e9rie Napol\u00e9on Ascent Linear Premium la touche finale id\u00e9ale pour votre maison. Ajoutez du luxe \u00e0 n&rsquo;importe quelle pi\u00e8ce avec votre choix de bois flott\u00e9, de bouleau, de ch\u00eane ou de cristaux de verre scintillants peints \u00e0 la main. Am\u00e9liorez et personnalisez davantage cette chemin\u00e9e lin\u00e9aire avec de superbes options suppl\u00e9mentaires comme un feu de plage, un feu de rivage et de belles roches min\u00e9rales.<\/h3>\n<p>&nbsp;<\/p>\n<h3>CARACT\u00c9RISTIQUES CL\u00c9S DE LA S\u00c9RIE<\/h3>\n<div class=\"clearfix text-formatted field field--name-field-product-series-features field--type-text-long field--label-hidden field__item\">\n<ul>\n<li>Jusqu&rsquo;\u00e0 22 000 BTU<\/li>\n<li>\u00c9vent sup\u00e9rieur de 4\/7 po<\/li>\n<li>Acceptera les ventilations flexibles et rigides<\/li>\n<li>Barri\u00e8re de s\u00e9curit\u00e9 haut de gamme incluse<\/li>\n<li>Syst\u00e8me Proflame II avec t\u00e9l\u00e9commande et Bluetooth inclus, application eFIRE en option disponible<\/li>\n<li>LUMI\u00c8RES DE NUIT incluses<\/li>\n<li>Souffleur inclus<\/li>\n<li>Syst\u00e8me de gestion de la chaleur en option disponible pour un d\u00e9gagement r\u00e9duit par rapport aux combustibles<\/li>\n<li>Choix de kits de b\u00fbches en option &#8211; Bois flott\u00e9, bouleau ou ch\u00eane pour compl\u00e9ter le look<\/li>\n<li>Panneaux r\u00e9fl\u00e9chissants en porcelaine MIRRO-FLAME en option ou panneaux de brique Ledgestone haut de gamme<\/li>\n<li>Kits multim\u00e9dia en option disponibles : verre concass\u00e9, perles de verre, kit de feu de rivage, kit de roches min\u00e9rales, kit de feu de plage, pierres de lave<\/li>\n<li>Entourage noir haut de gamme en option disponible<\/li>\n<\/ul>\n<h3>SP\u00c9CIFICATION<\/h3>\n<div class=\"fuel-type\">\n<p>Type de carburant : Gaz<\/p>\n<\/div>\n<\/div>\n","protected":false},"excerpt":{"rendered":"<p>Faites de la s\u00e9rie Napol\u00e9on Ascent Linear Premium la touche finale id\u00e9ale pour votre maison. Ajoutez du luxe \u00e0 n&rsquo;importe quelle pi\u00e8ce avec votre choix de bois flott\u00e9, de bouleau, de ch\u00eane ou de cristaux de verre scintillants peints \u00e0 la main. Am\u00e9liorez et personnalisez davantage cette chemin\u00e9e lin\u00e9aire avec de superbes options suppl\u00e9mentaires comme [&hellip;]<\/p>\n","protected":false},"featured_media":8613,"comment_status":"open","ping_status":"closed","template":"","meta":[],"product_brand":[],"product_cat":[286],"product_tag":[],"class_list":{"0":"post-9270","1":"product","2":"type-product","3":"status-publish","4":"has-post-thumbnail","6":"product_cat-foyers-au-gaz","8":"first","9":"instock","10":"shipping-taxable","11":"purchasable","12":"product-type-variable","13":"has-default-attributes"},"_links":{"self":[{"href":"https:\/\/fixtureplus.ca\/fr\/wp-json\/wp\/v2\/product\/9270","targetHints":{"allow":["GET"]}}],"collection":[{"href":"https:\/\/fixtureplus.ca\/fr\/wp-json\/wp\/v2\/product"}],"about":[{"href":"https:\/\/fixtureplus.ca\/fr\/wp-json\/wp\/v2\/types\/product"}],"replies":[{"embeddable":true,"href":"https:\/\/fixtureplus.ca\/fr\/wp-json\/wp\/v2\/comments?post=9270"}],"wp:featuredmedia":[{"embeddable":true,"href":"https:\/\/fixtureplus.ca\/fr\/wp-json\/wp\/v2\/media\/8613"}],"wp:attachment":[{"href":"https:\/\/fixtureplus.ca\/fr\/wp-json\/wp\/v2\/media?parent=9270"}],"wp:term":[{"taxonomy":"product_brand","embeddable":true,"href":"https:\/\/fixtureplus.ca\/fr\/wp-json\/wp\/v2\/product_brand?post=9270"},{"taxonomy":"product_cat","embeddable":true,"href":"https:\/\/fixtureplus.ca\/fr\/wp-json\/wp\/v2\/product_cat?post=9270"},{"taxonomy":"product_tag","embeddable":true,"href":"https:\/\/fixtureplus.ca\/fr\/wp-json\/wp\/v2\/product_tag?post=9270"}],"curies":[{"name":"wp","href":"https:\/\/api.w.org\/{rel}","templated":true}]}}